{"id":410,"date":"2015-01-31T14:59:47","date_gmt":"2015-01-31T13:59:47","guid":{"rendered":"https:\/\/www.camping-waldwiesen.eu\/saarhunsrucksteig-nl\/"},"modified":"2015-01-31T14:59:47","modified_gmt":"2015-01-31T13:59:47","slug":"saarhunsrucksteig-nl","status":"publish","type":"page","link":"https:\/\/www.camping-waldwiesen.eu\/nl\/saarhunsrucksteig-nl\/","title":{"rendered":"Saar-Hunsr\u00fcck-Steig, Traumschleifen"},"content":{"rendered":"<h4 style=\"text-align: center;\">&nbsp;Ihr Wanderdomizil &#8211; der Campingpark Waldwiesen<\/h4>\n<p><strong>Liebe Wanderfreunde,<\/strong><\/p>\n<p class=\"Stil5\">seit dem Jahr 2010 gibt es nun den erfolgreichen und premierten <a href=\"http:\/\/www.saar-hunsrueck-steig.de\/\" target=\"_blank\" rel=\"noopener\">Saar-Hunsr\u00fcck-Steig<\/a> in einer wundersch\u00f6nen Landschaft, die so abwechselungsreich, kulturhistorisch interessant und durchaus eine Erwanderung wert ist.<\/p>\n<p class=\"Stil5\">Dem schlie\u00dfen sich seit neuestem einige <a href=\"http:\/\/www.wanderinstitut.de\/premiumwege\/rheinland-pfalz\/trauntal-hoehenweg\/\" target=\"_blank\" rel=\"noopener\"> Traumschleifen<\/a> an, die an Sch\u00f6nheit, Abwechselungsreichtum und Bezwingbarkeit alle W\u00fcnsche erf\u00fcllen. Die Traumschleifen sind f\u00fcr k\u00fcrzere Wanderungen gedacht, von denen man jeden Tag eine andere Traumschleife erwandern kann, L\u00e4nge 6 bis 22 km. Sie sind so angelegt, dass Sie Ihren Ausgangspunkt immer wieder erreichen.<\/p>\n<p class=\"Stil5\">In einer Entfernung bis zu 30 km befinden sich 15 zauberhafte Traumschleifen, die Sie von unserem Campingplatz aus leicht erreichen k\u00f6nnen.<\/p>\n<p class=\"Stil5\">Es macht einfach Spa\u00df und ist auch eine Herausforderung, sich die Gegend zu Fu\u00df anzusehen. So manches k\u00f6nnen Sie auf diese Weise entdecken, was Ihnen sonst verborgen bleibt. Das hautnahe Erleben der Natur ist eine Erfahrung, die sich durch nichts ersetzen l\u00e4sst.<\/p>\n<p class=\"Stil5\">Der Campingpark Waldwiesen, m\u00f6chte in dieser Zeit Ihr Zuhause sein. Mehrere Mietobjekte stehen auch zu Ihrer Verf\u00fcgung, ob Mietwohnwagen. Ferienhaus oder Apartment. F\u00fcr kurze Wochenendaufenthalte, 2 bis 3 N\u00e4chte, ist oft auch noch etwas frei und kann kruzfristig angemietet werden. Sie d\u00fcrfen auch gerne mit Ihrem eigenen Wohnwagen, Reisemobil und Zelt zu uns kommen. Von hier aus k\u00f6nnen Sie die umliegenden Wanderwege leicht erreichen. Da wir am Rande einer kleinen Kreisstadt liegen und ein gro\u00dfes Einkaufszentrum 450m entfernt zur Verf\u00fcgung steht, k\u00f6nnen Sie sich auch hervorragend selber versorgen. Ausserdem bietet Birkenfeld, die kleine Residenz, eine Vielfalt von Restaurants, die in ihrer Anzahl, n\u00e4mlich 34 an der Zahl, kaum \u00fcbertroffen werden kann.<\/p>\n<p class=\"Stil5\">Und auch hier gilt: Gehen Sie zu Fu\u00df, genie\u00dfen Sie nicht nur eine ausgezeichnete K\u00fcche, sondern auch erlesene Weine und Biere frisch vom Fa\u00df, ohne um Ihren F\u00fchrerschein f\u00fcrchten zu m\u00fcssen.<\/p>\n<p class=\"Stil5\">Kartenmaterial und ein gro\u00dfes Angebot an Ausflugsm\u00f6glichkeiten steht ebenfalls zu Ihrer Verf\u00fcgung.<\/p>\n<p class=\"Stil5\"><strong>Besuchen Sie uns. Wir freuen uns auf Sie und hei\u00dfen Sie herzlich willkommen.<\/strong><\/p>\n<p>&nbsp;<\/p>\n<p>&nbsp;<\/p>\n<p><strong>&nbsp;<\/strong><\/p>\n<p>&nbsp;<\/p>\n<p>&nbsp;<\/p>\n","protected":false},"excerpt":{"rendered":"<p>&nbsp;Ihr Wanderdomizil &#8211; der Campingpark Waldwiesen Liebe Wanderfreunde, seit dem Jahr 2010 gibt es nun den erfolgreichen und premierten Saar-Hunsr\u00fcck-Steig in einer wundersch\u00f6nen Landschaft, die so abwechselungsreich, kulturhistorisch interessant und durchaus eine Erwanderung wert ist. Dem schlie\u00dfen sich seit neuestem einige Traumschleifen an, die an Sch\u00f6nheit, Abwechselungsreichtum und Bezwingbarkeit alle W\u00fcnsche erf\u00fcllen. Die Traumschleifen sind [&hellip;]<\/p>\n","protected":false},"author":1,"featured_media":0,"parent":0,"menu_order":10,"comment_status":"closed","ping_status":"closed","template":"","meta":{"_uag_custom_page_level_css":"","site-sidebar-layout":"default","site-content-layout":"","ast-site-content-layout":"default","site-content-style":"default","site-sidebar-style":"default","ast-global-header-display":"","ast-banner-title-visibility":"","ast-main-header-display":"","ast-hfb-above-header-display":"","ast-hfb-below-header-display":"","ast-hfb-mobile-header-display":"","site-post-title":"","ast-breadcrumbs-content":"","ast-featured-img":"","footer-sml-layout":"","ast-disable-related-posts":"","theme-transparent-header-meta":"","adv-header-id-meta":"","stick-header-meta":"","header-above-stick-meta":"","header-main-stick-meta":"","header-below-stick-meta":"","astra-migrate-meta-layouts":"default","ast-page-background-enabled":"default","ast-page-background-meta":{"desktop":{"background-color":"var(--ast-global-color-4)","background-image":"","background-repeat":"repeat","background-position":"center center","background-size":"auto","background-attachment":"scroll","background-type":"","background-media":"","overlay-type":"","overlay-color":"","overlay-opacity":"","overlay-gradient":""},"tablet":{"background-color":"","background-image":"","background-repeat":"repeat","background-position":"center center","background-size":"auto","background-attachment":"scroll","background-type":"","background-media":"","overlay-type":"","overlay-color":"","overlay-opacity":"","overlay-gradient":""},"mobile":{"background-color":"","background-image":"","background-repeat":"repeat","background-position":"center center","background-size":"auto","background-attachment":"scroll","background-type":"","background-media":"","overlay-type":"","overlay-color":"","overlay-opacity":"","overlay-gradient":""}},"ast-content-background-meta":{"desktop":{"background-color":"var(--ast-global-color-5)","background-image":"","background-repeat":"repeat","background-position":"center center","background-size":"auto","background-attachment":"scroll","background-type":"","background-media":"","overlay-type":"","overlay-color":"","overlay-opacity":"","overlay-gradient":""},"tablet":{"background-color":"var(--ast-global-color-5)","background-image":"","background-repeat":"repeat","background-position":"center center","background-size":"auto","background-attachment":"scroll","background-type":"","background-media":"","overlay-type":"","overlay-color":"","overlay-opacity":"","overlay-gradient":""},"mobile":{"background-color":"var(--ast-global-color-5)","background-image":"","background-repeat":"repeat","background-position":"center center","background-size":"auto","background-attachment":"scroll","background-type":"","background-media":"","overlay-type":"","overlay-color":"","overlay-opacity":"","overlay-gradient":""}},"footnotes":""},"class_list":["post-410","page","type-page","status-publish","hentry"],"uagb_featured_image_src":{"full":false,"thumbnail":false,"medium":false,"medium_large":false,"large":false,"1536x1536":false,"2048x2048":false,"gform-image-choice-sm":false,"gform-image-choice-md":false,"gform-image-choice-lg":false},"uagb_author_info":{"display_name":"wwwpadmin","author_link":"https:\/\/www.camping-waldwiesen.eu\/nl\/author\/wwwpadmin\/"},"uagb_comment_info":0,"uagb_excerpt":"&nbsp;Ihr Wanderdomizil &#8211; der Campingpark Waldwiesen Liebe Wanderfreunde, seit dem Jahr 2010 gibt es nun den erfolgreichen und premierten Saar-Hunsr\u00fcck-Steig in einer wundersch\u00f6nen Landschaft, die so abwechselungsreich, kulturhistorisch interessant und durchaus eine Erwanderung wert ist. Dem schlie\u00dfen sich seit neuestem einige Traumschleifen an, die an Sch\u00f6nheit, Abwechselungsreichtum und Bezwingbarkeit alle W\u00fcnsche erf\u00fcllen. Die Traumschleifen sind&hellip;","_links":{"self":[{"href":"https:\/\/www.camping-waldwiesen.eu\/nl\/wp-json\/wp\/v2\/pages\/410","targetHints":{"allow":["GET"]}}],"collection":[{"href":"https:\/\/www.camping-waldwiesen.eu\/nl\/wp-json\/wp\/v2\/pages"}],"about":[{"href":"https:\/\/www.camping-waldwiesen.eu\/nl\/wp-json\/wp\/v2\/types\/page"}],"author":[{"embeddable":true,"href":"https:\/\/www.camping-waldwiesen.eu\/nl\/wp-json\/wp\/v2\/users\/1"}],"replies":[{"embeddable":true,"href":"https:\/\/www.camping-waldwiesen.eu\/nl\/wp-json\/wp\/v2\/comments?post=410"}],"version-history":[{"count":0,"href":"https:\/\/www.camping-waldwiesen.eu\/nl\/wp-json\/wp\/v2\/pages\/410\/revisions"}],"wp:attachment":[{"href":"https:\/\/www.camping-waldwiesen.eu\/nl\/wp-json\/wp\/v2\/media?parent=410"}],"curies":[{"name":"wp","href":"https:\/\/api.w.org\/{rel}","templated":true}]}}