{"id":409,"date":"2015-01-31T21:20:30","date_gmt":"2015-01-31T20:20:30","guid":{"rendered":"https:\/\/www.camping-waldwiesen.eu\/evenementen\/"},"modified":"2015-01-31T21:20:30","modified_gmt":"2015-01-31T20:20:30","slug":"evenementen","status":"publish","type":"page","link":"https:\/\/www.camping-waldwiesen.eu\/nl\/evenementen\/","title":{"rendered":"Evenementen"},"content":{"rendered":"<table border=\"0\" style=\"width: 899px; height: 240px;\" align=\"center\">\n<tbody>\n<tr>\n<td>\n<div style=\"text-align: center;\"><a href=\"http:\/\/www.birkenfelder-land.de\/index.php?id=188\" target=\"_blank\" rel=\"noopener\"><img loading=\"lazy\" decoding=\"async\" class=\" size-full wp-image-317\" src=\"https:\/\/www.camping-waldwiesen.eu\/wp-content\/uploads\/2015\/01\/birkenfeld_wappen.jpg\" alt=\"birkenfeld wappen\" width=\"112\" height=\"122\" class=\"polaroid\" style=\"display: block; margin-left: auto; margin-right: auto;\" \/><\/a><\/p>\n<p>Birkenfeld<\/p>\n<\/div>\n<\/td>\n<td>\n<div style=\"text-align: center;\"><a href=\"http:\/\/www.edelsteinstrasse.de\/home\/start.php3?spr=ge\" target=\"_blank\" rel=\"noopener\"><img loading=\"lazy\" decoding=\"async\" class=\" size-full wp-image-320\" src=\"https:\/\/www.camping-waldwiesen.eu\/wp-content\/uploads\/2015\/01\/DeutscheEdelsteinstrasse.jpg\" alt=\"DeutscheEdelsteinstrasse\" width=\"224\" height=\"110\" class=\"polaroid\" style=\"display: block; margin-left: auto; margin-right: auto;\" \/><\/a><\/p>\n<p>Edelsteinstrasse<\/p>\n<\/div>\n<\/td>\n<td>\n<div style=\"text-align: center;\"><a href=\"http:\/\/www.hunsrueckhaus.de\/veranstaltungen.html\" target=\"_blank\" rel=\"noopener\"><img loading=\"lazy\" decoding=\"async\" class=\" size-full wp-image-323\" src=\"https:\/\/www.camping-waldwiesen.eu\/wp-content\/uploads\/2015\/01\/HunsrueckhausErbeskopf.jpg\" alt=\"HunsrueckhausErbeskopf\" width=\"193\" height=\"114\" class=\"polaroid\" style=\"display: block; margin-left: auto; margin-right: auto;\" \/><\/a><\/p>\n<p>Hunsr\u00fcckhaus<\/p>\n<\/div>\n<\/td>\n<\/tr>\n<tr>\n<td>\n<div style=\"text-align: center;\"><a href=\"http:\/\/www.idar-oberstein.de\/kultur\/kultur-veranstaltungen\/veranstaltungskalender\/\" target=\"_blank\" rel=\"noopener\"><img loading=\"lazy\" decoding=\"async\" class=\" size-full wp-image-326\" src=\"https:\/\/www.camping-waldwiesen.eu\/wp-content\/uploads\/2015\/01\/IdarOberstein_wappen.jpg\" alt=\"IdarOberstein wappen\" width=\"112\" height=\"123\" class=\"polaroid\" style=\"display: block; margin-left: auto; margin-right: auto;\" \/><\/a><\/p>\n<p>Idar Oberstein<\/p>\n<\/div>\n<\/td>\n<td>\n<div style=\"text-align: center;\"><a href=\"http:\/\/www.naturpark.org\/index.php?id=135\" target=\"_blank\" rel=\"noopener\"><img loading=\"lazy\" decoding=\"async\" class=\" size-full wp-image-329\" src=\"https:\/\/www.camping-waldwiesen.eu\/wp-content\/uploads\/2015\/01\/logo_naturpark_saar_hunsr.png\" alt=\"logo naturpark saar hunsr\" width=\"81\" height=\"124\" class=\"polaroid\" style=\"display: block; margin-left: auto; margin-right: auto;\" \/><\/a><\/p>\n<p>Naturpark Saar Hunsr\u00fcck<\/p>\n<\/div>\n<\/td>\n<td>\n<div style=\"text-align: center;\"><a href=\"http:\/\/www.mosel-reisefuehrer.de\/kalender.htm\" target=\"_blank\" rel=\"noopener\"><img loading=\"lazy\" decoding=\"async\" class=\" size-full wp-image-332\" src=\"https:\/\/www.camping-waldwiesen.eu\/wp-content\/uploads\/2015\/01\/MoselWeinkulturLand.jpg\" alt=\"MoselWeinkulturLand\" width=\"80\" height=\"80\" class=\"polaroid\" style=\"display: block; margin-left: auto; margin-right: auto;\" \/><\/a><\/p>\n<p>Mosel<\/p>\n<\/div>\n<\/td>\n<\/tr>\n<tr>\n<td>\n<div style=\"text-align: center;\"><a href=\"https:\/\/web4.deskline.net\/SWL\/de\/event\/list\/\" target=\"_blank\" title=\"Kreis St. Wendel\" rel=\"noopener\"><img loading=\"lazy\" decoding=\"async\" class=\" size-full wp-image-335\" src=\"https:\/\/www.camping-waldwiesen.eu\/wp-content\/uploads\/2015\/01\/Wappen_Landkreis_St_Wendel.png\" alt=\"Wappen Landkreis St Wendel\" width=\"125\" height=\"133\" style=\"display: block; margin-left: auto; margin-right: auto;\" \/><\/a><\/p>\n<p>Kreis St. Wendel<\/p>\n<\/div>\n<\/td>\n<td>\n<div style=\"text-align: center;\"><a href=\"http:\/\/www.nationalpark-hunsrueck-hochwald.de\/gast-sein.html\" target=\"_blank\" title=\"Nationalpark Huns\u00fcrck Hochwald\" rel=\"noopener\"><img loading=\"lazy\" decoding=\"async\" class=\" size-full wp-image-338\" src=\"https:\/\/www.camping-waldwiesen.eu\/wp-content\/uploads\/2015\/01\/NLP_HUNSRUECK_HOCHWALD_CMYK_POS_Zusatz.jpg\" alt=\"NLP HUNSRUECK HOCHWALD CMYK POS Zusatz\" width=\"500\" height=\"110\" srcset=\"https:\/\/www.camping-waldwiesen.eu\/wp-content\/uploads\/2015\/01\/NLP_HUNSRUECK_HOCHWALD_CMYK_POS_Zusatz.jpg 2500w, https:\/\/www.camping-waldwiesen.eu\/wp-content\/uploads\/2015\/01\/NLP_HUNSRUECK_HOCHWALD_CMYK_POS_Zusatz-300x66.jpg 300w, https:\/\/www.camping-waldwiesen.eu\/wp-content\/uploads\/2015\/01\/NLP_HUNSRUECK_HOCHWALD_CMYK_POS_Zusatz-1024x225.jpg 1024w, https:\/\/www.camping-waldwiesen.eu\/wp-content\/uploads\/2015\/01\/NLP_HUNSRUECK_HOCHWALD_CMYK_POS_Zusatz-768x169.jpg 768w, https:\/\/www.camping-waldwiesen.eu\/wp-content\/uploads\/2015\/01\/NLP_HUNSRUECK_HOCHWALD_CMYK_POS_Zusatz-1536x338.jpg 1536w, https:\/\/www.camping-waldwiesen.eu\/wp-content\/uploads\/2015\/01\/NLP_HUNSRUECK_HOCHWALD_CMYK_POS_Zusatz-2048x451.jpg 2048w\" sizes=\"auto, (max-width: 500px) 100vw, 500px\" \/><\/a><\/p>\n<p>Nationalpark Hunsr\u00fcck Hochwald<\/p>\n<\/div>\n<\/td>\n<td>\n<div style=\"text-align: center;\">\n<p><a href=\"http:\/\/www.nonnweiler.de\/index.php?id=11\" target=\"_blank\" rel=\"noopener\"><img loading=\"lazy\" decoding=\"async\" class=\" size-full wp-image-341\" src=\"https:\/\/www.camping-waldwiesen.eu\/wp-content\/uploads\/2015\/01\/Nonnweiler.jpg\" alt=\"Nonnweiler\" width=\"101\" height=\"48\" class=\"polaroid\" style=\"display: block; margin-left: auto; margin-right: auto;\" \/><\/a><\/p>\n<p>Nonnweiler<\/p>\n<\/div>\n<\/td>\n<\/tr>\n<\/tbody>\n<\/table>\n","protected":false},"excerpt":{"rendered":"<p>Birkenfeld Edelsteinstrasse Hunsr\u00fcckhaus Idar Oberstein Naturpark Saar Hunsr\u00fcck Mosel Kreis St. Wendel Nationalpark Hunsr\u00fcck Hochwald Nonnweiler<\/p>\n","protected":false},"author":1,"featured_media":317,"parent":0,"menu_order":8,"comment_status":"closed","ping_status":"closed","template":"","meta":{"_uag_custom_page_level_css":"","site-sidebar-layout":"default","site-content-layout":"","ast-site-content-layout":"default","site-content-style":"default","site-sidebar-style":"default","ast-global-header-display":"","ast-banner-title-visibility":"","ast-main-header-display":"","ast-hfb-above-header-display":"","ast-hfb-below-header-display":"","ast-hfb-mobile-header-display":"","site-post-title":"","ast-breadcrumbs-content":"","ast-featured-img":"","footer-sml-layout":"","ast-disable-related-posts":"","theme-transparent-header-meta":"","adv-header-id-meta":"","stick-header-meta":"","header-above-stick-meta":"","header-main-stick-meta":"","header-below-stick-meta":"","astra-migrate-meta-layouts":"default","ast-page-background-enabled":"default","ast-page-background-meta":{"desktop":{"background-color":"var(--ast-global-color-4)","background-image":"","background-repeat":"repeat","background-position":"center center","background-size":"auto","background-attachment":"scroll","background-type":"","background-media":"","overlay-type":"","overlay-color":"","overlay-opacity":"","overlay-gradient":""},"tablet":{"background-color":"","background-image":"","background-repeat":"repeat","background-position":"center center","background-size":"auto","background-attachment":"scroll","background-type":"","background-media":"","overlay-type":"","overlay-color":"","overlay-opacity":"","overlay-gradient":""},"mobile":{"background-color":"","background-image":"","background-repeat":"repeat","background-position":"center center","background-size":"auto","background-attachment":"scroll","background-type":"","background-media":"","overlay-type":"","overlay-color":"","overlay-opacity":"","overlay-gradient":""}},"ast-content-background-meta":{"desktop":{"background-color":"var(--ast-global-color-5)","background-image":"","background-repeat":"repeat","background-position":"center center","background-size":"auto","background-attachment":"scroll","background-type":"","background-media":"","overlay-type":"","overlay-color":"","overlay-opacity":"","overlay-gradient":""},"tablet":{"background-color":"var(--ast-global-color-5)","background-image":"","background-repeat":"repeat","background-position":"center center","background-size":"auto","background-attachment":"scroll","background-type":"","background-media":"","overlay-type":"","overlay-color":"","overlay-opacity":"","overlay-gradient":""},"mobile":{"background-color":"var(--ast-global-color-5)","background-image":"","background-repeat":"repeat","background-position":"center center","background-size":"auto","background-attachment":"scroll","background-type":"","background-media":"","overlay-type":"","overlay-color":"","overlay-opacity":"","overlay-gradient":""}},"footnotes":""},"class_list":["post-409","page","type-page","status-publish","has-post-thumbnail","hentry"],"uagb_featured_image_src":{"full":["https:\/\/www.camping-waldwiesen.eu\/wp-content\/uploads\/2015\/01\/birkenfeld_wappen.jpg",112,122,false],"thumbnail":["https:\/\/www.camping-waldwiesen.eu\/wp-content\/uploads\/2015\/01\/birkenfeld_wappen.jpg",112,122,false],"medium":["https:\/\/www.camping-waldwiesen.eu\/wp-content\/uploads\/2015\/01\/birkenfeld_wappen.jpg",112,122,false],"medium_large":["https:\/\/www.camping-waldwiesen.eu\/wp-content\/uploads\/2015\/01\/birkenfeld_wappen.jpg",112,122,false],"large":["https:\/\/www.camping-waldwiesen.eu\/wp-content\/uploads\/2015\/01\/birkenfeld_wappen.jpg",112,122,false],"1536x1536":["https:\/\/www.camping-waldwiesen.eu\/wp-content\/uploads\/2015\/01\/birkenfeld_wappen.jpg",112,122,false],"2048x2048":["https:\/\/www.camping-waldwiesen.eu\/wp-content\/uploads\/2015\/01\/birkenfeld_wappen.jpg",112,122,false],"gform-image-choice-sm":["https:\/\/www.camping-waldwiesen.eu\/wp-content\/uploads\/2015\/01\/birkenfeld_wappen.jpg",112,122,false],"gform-image-choice-md":["https:\/\/www.camping-waldwiesen.eu\/wp-content\/uploads\/2015\/01\/birkenfeld_wappen.jpg",112,122,false],"gform-image-choice-lg":["https:\/\/www.camping-waldwiesen.eu\/wp-content\/uploads\/2015\/01\/birkenfeld_wappen.jpg",112,122,false]},"uagb_author_info":{"display_name":"wwwpadmin","author_link":"https:\/\/www.camping-waldwiesen.eu\/nl\/author\/wwwpadmin\/"},"uagb_comment_info":0,"uagb_excerpt":"Birkenfeld Edelsteinstrasse Hunsr\u00fcckhaus Idar Oberstein Naturpark Saar Hunsr\u00fcck Mosel Kreis St. Wendel Nationalpark Hunsr\u00fcck Hochwald Nonnweiler","_links":{"self":[{"href":"https:\/\/www.camping-waldwiesen.eu\/nl\/wp-json\/wp\/v2\/pages\/409","targetHints":{"allow":["GET"]}}],"collection":[{"href":"https:\/\/www.camping-waldwiesen.eu\/nl\/wp-json\/wp\/v2\/pages"}],"about":[{"href":"https:\/\/www.camping-waldwiesen.eu\/nl\/wp-json\/wp\/v2\/types\/page"}],"author":[{"embeddable":true,"href":"https:\/\/www.camping-waldwiesen.eu\/nl\/wp-json\/wp\/v2\/users\/1"}],"replies":[{"embeddable":true,"href":"https:\/\/www.camping-waldwiesen.eu\/nl\/wp-json\/wp\/v2\/comments?post=409"}],"version-history":[{"count":0,"href":"https:\/\/www.camping-waldwiesen.eu\/nl\/wp-json\/wp\/v2\/pages\/409\/revisions"}],"wp:featuredmedia":[{"embeddable":true,"href":"https:\/\/www.camping-waldwiesen.eu\/nl\/wp-json\/wp\/v2\/media\/317"}],"wp:attachment":[{"href":"https:\/\/www.camping-waldwiesen.eu\/nl\/wp-json\/wp\/v2\/media?parent=409"}],"curies":[{"name":"wp","href":"https:\/\/api.w.org\/{rel}","templated":true}]}}