{"id":624,"date":"2016-01-31T17:36:15","date_gmt":"2016-01-31T16:36:15","guid":{"rendered":"https:\/\/www.camping-waldwiesen.eu\/preise-xxl-camping-pod-2\/"},"modified":"2025-12-24T19:46:48","modified_gmt":"2025-12-24T18:46:48","slug":"preise-xxl-camping-pod-2","status":"publish","type":"page","link":"https:\/\/www.camping-waldwiesen.eu\/en\/preise-xxl-camping-pod-2\/","title":{"rendered":"Prices Glamping-Pod XXL"},"content":{"rendered":"\n<h3 class=\"wp-block-heading\"><span style=\"color: #669803;\">Glamping Pod XXL:<\/span><\/h3>\n\n\n\n<figure class=\"wp-block-table is-style-stripes\"><table><tbody><tr><td><span style=\"font-size: medium; font-weight: bold; text-align: right;\">Price scale <\/span><\/td><th><p><strong>without<\/strong> bedding and sheets<\/p> <span class=\"VIiyi\" lang=\"en\"><span class=\"JLqJ4b ChMk0b C1N51c\" data-language-for-alternatives=\"en\" data-language-to-translate-into=\"de\" data-phrase-index=\"0\">(Please bring your own pillows, sheets and covers)<\/span><\/span><\/th><th>Flat rate for bedding and sheets<\/th><\/tr><tr><td><strong>1 night<\/strong> for 2 people per night<\/td><td>\u20ac 87,00<\/td><td>one time \u20ac 30,00<\/td><\/tr><tr><td><strong>2 nights<\/strong> for 2 people per night<\/td><td>\u20ac 79,50<\/td><td>one time \u20ac 30,00<\/td><\/tr><tr><td><strong>from 3 nights<\/strong> for 2 people per night<\/td><td>\u20ac 69,50<\/td><td>one time \u20ac 30,00<\/td><\/tr><tr><td><strong>from 7 nights<\/strong> for 2 people per night<\/td><td>\u20ac 63,00<\/td><td>one time \u20ac 45,00<\/td><\/tr><tr><td><strong>every additional person over 3 years per night<\/strong><\/td><td>\u20ac 10,00<\/td><td>one time \u20ac 15,00<\/td><\/tr><tr><td><strong>under 3 years, free of charge<\/strong><\/td><td>free<\/td><td>please bring your own bedding and sheets<\/td><\/tr><tr><td><span class=\"HwtZe\" lang=\"en\" style=\"color: #0000ff;\"><span class=\"jCAhz ChMk0b\"><span class=\"ryNqvb\">Dog &#8211; plus one-time cleaning fee of \u20ac 10.00<\/span><\/span><\/span><\/td><td>6,00<\/td><td>&#8211;<\/td><\/tr><tr><td><strong>Connection fee to the electrical box \u20ac 2,50 (one time) <\/strong><br><strong>and<\/strong> <strong>\u20ac 0,80 for a used-up kWh<br><\/strong><\/td><td>&nbsp;<\/td><td>&nbsp;<\/td><\/tr><\/tbody><\/table><\/figure>\n\n\n\n<h3 class=\"wp-block-heading\"><a href=\"https:\/\/www.camping-waldwiesen.eu\/en\/online-booking\/\">booking \/ reservation<\/a><\/h3>\n\n\n\n<p><strong>Equipment:<\/strong><\/p>\n\n\n\n<ul style=\"line-height:1.4\" class=\"wp-block-list\">\n<li><strong>Shower, toilet and wash basin<\/strong><\/li>\n\n\n\n<li>1 double bed for 2 people 140 x 200 cm,<\/li>\n\n\n\n<li>Extendable bed for 2 people, twice 80 x x200 cm<\/li>\n\n\n\n<li>Satellite TV<\/li>\n\n\n\n<li style=\"line-height:1.4\">Small kitchen:\n<ul class=\"wp-block-list\">\n<li>Microwave,<\/li>\n\n\n\n<li>Kitchen sink,<\/li>\n\n\n\n<li>Refrigerator,<\/li>\n\n\n\n<li>Dishes and silverware for 4 people<\/li>\n\n\n\n<li>Hot water cooker,<\/li>\n\n\n\n<li>Coffee machine,<\/li>\n\n\n\n<li>Heating,<\/li>\n<\/ul>\n<\/li>\n\n\n\n<li>Indoor and outdoor lighting,<\/li>\n\n\n\n<li>Terrace with garden furniture,<\/li>\n\n\n\n<li>Parking space next to the pod.<\/li>\n\n\n\n<li>Open fire place next to the pod<\/li>\n<\/ul>\n\n\n\n<p style=\"line-height:1.4\"><strong><span class=\"tlid-translation translation\" lang=\"en\"><span class=\"\" title=\"\">To reserve a XXL Glamping pod, we require a deposit of \u20ac 100.00.<\/span> <span class=\"\" title=\"\">This will be confirmed and fully credited upon departure.<\/span> <span class=\"\" title=\"\">In case of cancellation up to 30 days before arrival, the deposit can be refunded.<\/span><\/span><\/strong><\/p>\n\n\n\n<h3 class=\"wp-block-heading has-text-align-center\" style=\"margin-top:var(--wp--preset--spacing--70);margin-bottom:var(--wp--preset--spacing--70)\"><strong>Important for all rental properties:<\/strong><br><strong>Arrival after 3 p.m., departure before 11 a.m.<\/strong><\/h3>\n\n\n\n<hr class=\"wp-block-separator aligncenter has-text-color has-ast-global-color-0-color has-alpha-channel-opacity has-ast-global-color-0-background-color has-background trenner is-style-wide\" style=\"margin-top:var(--wp--preset--spacing--60);margin-bottom:var(--wp--preset--spacing--60)\"\/>\n\n\n\n<p><strong>Das sollten Sie wissen &#8230;<\/strong><\/p>\n\n\n\n<p style=\"line-height:1.4\">Auszug aus den Gesch\u00e4ftsbedingungen im Hotelgewerbe, die von der Fachgruppe Hotels und verwandte Betriebe im Deutschen Hotel- und Gastst\u00e4ttenverband e.V. (DEHOGA) herausgegeben wurde:<br><br><strong>1.<\/strong> Der Gastaufnahmevrtrag ist abgeschlossen, sobald das Zimmer berstellt und zugesagt oder, falls eine Zusage aus Zeitgr\u00fcnden nicht mehr m\u00f6glich war, bereitgestellt worden ist.<br><br><strong>2.<\/strong> Der Anschlu\u00df des Gastaufnahmevertrages verpflichtet die Vertragspartner zur Erf\u00fcllung des Vertrages, gleichg\u00fcltig auf welche Dauer der Vertrag abgeschlossen ist.<br><br><strong>3.<\/strong> Der Gastgeber (Hotelier etc.) ist verpflichtet, bei Nichtbereitstellung des Zimmers dem Gast Schadenersatz zu leisten.<br><br><strong>4 a.<\/strong> Der Gast verpflichtet sich, bei der Nichtinanspruchnahme der vertraglichen Leistungen den vereinbarten oder betriebs\u00fcblichen Preis zu bezahlen, abz\u00fcglich der vom Gastgeber ersparten Aufwendungen.<br><br><strong>4 b.<\/strong> Die Einsparungen betragen nach Erfahrungss\u00e4tzen bei der \u00dcbernachtung mit Fr\u00fchst\u00fcck 20 Prozent, bei Halbpension 30 Prozent, bei Vollpension 40 Prozent und bei Appartements 10 Prozent.<br><br><strong>5 a.<\/strong> Der Gastgeber ist nach Treu und Glauben gehalten, nicht in Anspruch genommene Zimmer nach M\u00f6glichkeit anderweitig zu vergeben, um Ausf\u00e4lle zu vermeiden.<br><br><strong>5 b.<\/strong> Bis zur anderweitigen Vergabe des Zimmers hat der Gast auf die Dauer des Vertrages den nach Ziff. 4 errechneten Betrag zu bezahlen.<br><br><strong>6.<\/strong> Ausschlie\u00dflicher Gerichtsstand ist der Betriebsort.<\/p>\n\n\n\n<p class=\"has-text-align-center\" style=\"margin-top:var(--wp--preset--spacing--50);margin-bottom:var(--wp--preset--spacing--50)\"><span style=\"font-size: 12pt;\"><strong>Preis\u00e4nderungen vorbehalten.<\/strong><\/span><\/p>\n","protected":false},"excerpt":{"rendered":"<p>Glamping Pod XXL: Price scale without bedding and sheets (Please bring your own pillows, sheets and covers) Flat rate for bedding and sheets 1 night for 2 people per night \u20ac 87,00 one time \u20ac 30,00 2 nights for 2 people per night \u20ac 79,50 one time \u20ac 30,00 from 3 nights for 2 people [&hellip;]<\/p>\n","protected":false},"author":1,"featured_media":0,"parent":0,"menu_order":6,"comment_status":"closed","ping_status":"closed","template":"","meta":{"_uag_custom_page_level_css":"","site-sidebar-layout":"default","site-content-layout":"","ast-site-content-layout":"default","site-content-style":"default","site-sidebar-style":"default","ast-global-header-display":"","ast-banner-title-visibility":"","ast-main-header-display":"","ast-hfb-above-header-display":"","ast-hfb-below-header-display":"","ast-hfb-mobile-header-display":"","site-post-title":"","ast-breadcrumbs-content":"","ast-featured-img":"","footer-sml-layout":"","ast-disable-related-posts":"","theme-transparent-header-meta":"","adv-header-id-meta":"","stick-header-meta":"","header-above-stick-meta":"","header-main-stick-meta":"","header-below-stick-meta":"","astra-migrate-meta-layouts":"set","ast-page-background-enabled":"default","ast-page-background-meta":{"desktop":{"background-color":"var(--ast-global-color-4)","background-image":"","background-repeat":"repeat","background-position":"center center","background-size":"auto","background-attachment":"scroll","background-type":"","background-media":"","overlay-type":"","overlay-color":"","overlay-opacity":"","overlay-gradient":""},"tablet":{"background-color":"","background-image":"","background-repeat":"repeat","background-position":"center center","background-size":"auto","background-attachment":"scroll","background-type":"","background-media":"","overlay-type":"","overlay-color":"","overlay-opacity":"","overlay-gradient":""},"mobile":{"background-color":"","background-image":"","background-repeat":"repeat","background-position":"center center","background-size":"auto","background-attachment":"scroll","background-type":"","background-media":"","overlay-type":"","overlay-color":"","overlay-opacity":"","overlay-gradient":""}},"ast-content-background-meta":{"desktop":{"background-color":"var(--ast-global-color-5)","background-image":"","background-repeat":"repeat","background-position":"center center","background-size":"auto","background-attachment":"scroll","background-type":"","background-media":"","overlay-type":"","overlay-color":"","overlay-opacity":"","overlay-gradient":""},"tablet":{"background-color":"var(--ast-global-color-5)","background-image":"","background-repeat":"repeat","background-position":"center center","background-size":"auto","background-attachment":"scroll","background-type":"","background-media":"","overlay-type":"","overlay-color":"","overlay-opacity":"","overlay-gradient":""},"mobile":{"background-color":"var(--ast-global-color-5)","background-image":"","background-repeat":"repeat","background-position":"center center","background-size":"auto","background-attachment":"scroll","background-type":"","background-media":"","overlay-type":"","overlay-color":"","overlay-opacity":"","overlay-gradient":""}},"footnotes":""},"class_list":["post-624","page","type-page","status-publish","hentry"],"uagb_featured_image_src":{"full":false,"thumbnail":false,"medium":false,"medium_large":false,"large":false,"1536x1536":false,"2048x2048":false,"gform-image-choice-sm":false,"gform-image-choice-md":false,"gform-image-choice-lg":false},"uagb_author_info":{"display_name":"wwwpadmin","author_link":"https:\/\/www.camping-waldwiesen.eu\/en\/author\/wwwpadmin\/"},"uagb_comment_info":0,"uagb_excerpt":"Glamping Pod XXL: Price scale without bedding and sheets (Please bring your own pillows, sheets and covers) Flat rate for bedding and sheets 1 night for 2 people per night \u20ac 87,00 one time \u20ac 30,00 2 nights for 2 people per night \u20ac 79,50 one time \u20ac 30,00 from 3 nights for 2 people&hellip;","_links":{"self":[{"href":"https:\/\/www.camping-waldwiesen.eu\/en\/wp-json\/wp\/v2\/pages\/624","targetHints":{"allow":["GET"]}}],"collection":[{"href":"https:\/\/www.camping-waldwiesen.eu\/en\/wp-json\/wp\/v2\/pages"}],"about":[{"href":"https:\/\/www.camping-waldwiesen.eu\/en\/wp-json\/wp\/v2\/types\/page"}],"author":[{"embeddable":true,"href":"https:\/\/www.camping-waldwiesen.eu\/en\/wp-json\/wp\/v2\/users\/1"}],"replies":[{"embeddable":true,"href":"https:\/\/www.camping-waldwiesen.eu\/en\/wp-json\/wp\/v2\/comments?post=624"}],"version-history":[{"count":7,"href":"https:\/\/www.camping-waldwiesen.eu\/en\/wp-json\/wp\/v2\/pages\/624\/revisions"}],"predecessor-version":[{"id":3462,"href":"https:\/\/www.camping-waldwiesen.eu\/en\/wp-json\/wp\/v2\/pages\/624\/revisions\/3462"}],"wp:attachment":[{"href":"https:\/\/www.camping-waldwiesen.eu\/en\/wp-json\/wp\/v2\/media?parent=624"}],"curies":[{"name":"wp","href":"https:\/\/api.w.org\/{rel}","templated":true}]}}